{"id":13,"date":"2025-10-15T15:38:06","date_gmt":"2025-10-15T18:38:06","guid":{"rendered":"https:\/\/clinicanovu.com.br\/?page_id=13"},"modified":"2025-12-02T16:02:59","modified_gmt":"2025-12-02T19:02:59","slug":"dermatologia-estetica","status":"publish","type":"page","link":"https:\/\/clinicanovu.com.br\/?page_id=13","title":{"rendered":"dermatologia Estetica"},"content":{"rendered":"\t\t<div data-elementor-type=\"wp-page\" data-elementor-id=\"13\" class=\"elementor elementor-13\">\n\t\t\t\t<div class=\"elementor-element elementor-element-0cac2f5 e-con-full carrossel-full-width elementor-hidden-tablet e-flex e-con e-parent\" data-id=\"0cac2f5\" data-element_type=\"container\" data-e-type=\"container\" data-settings=\"{&quot;background_background&quot;:&quot;classic&quot;}\">\n\t\t\t\t<div class=\"elementor-element elementor-element-effcc9c elementor-hidden-tablet elementor-hidden-mobile elementor-pagination-position-outside elementor-widget elementor-widget-image-carousel\" data-id=\"effcc9c\" data-element_type=\"widget\" data-e-type=\"widget\" data-settings=\"{&quot;slides_to_show&quot;:&quot;1&quot;,&quot;navigation&quot;:&quot;dots&quot;,&quot;autoplay_speed&quot;:8000,&quot;speed&quot;:900,&quot;autoplay&quot;:&quot;yes&quot;,&quot;pause_on_hover&quot;:&quot;yes&quot;,&quot;pause_on_interaction&quot;:&quot;yes&quot;,&quot;infinite&quot;:&quot;yes&quot;,&quot;effect&quot;:&quot;slide&quot;}\" data-widget_type=\"image-carousel.default\">\n\t\t\t\t\t\t\t<div class=\"elementor-image-carousel-wrapper swiper\" role=\"region\" aria-roledescription=\"carousel\" aria-label=\"Carrossel de imagens\" dir=\"rtl\">\n\t\t\t<div class=\"elementor-image-carousel swiper-wrapper swiper-image-stretch\" aria-live=\"off\">\n\t\t\t\t\t\t\t\t<div class=\"swiper-slide\" role=\"group\" aria-roledescription=\"slide\" aria-label=\"1 de 3\"><figure class=\"swiper-slide-inner\"><img decoding=\"async\" class=\"swiper-slide-image\" src=\"https:\/\/clinicanovu.com.br\/wp-content\/uploads\/2025\/10\/Inovacao-e-cuidado-a-combinacao-perfeita-para-a-sua-pele.-2.png\" alt=\"Inova\u00e7\u00e3o e cuidado a combina\u00e7\u00e3o perfeita para a sua pele. (2)\" \/><\/figure><\/div><div class=\"swiper-slide\" role=\"group\" aria-roledescription=\"slide\" aria-label=\"2 de 3\"><figure class=\"swiper-slide-inner\"><img decoding=\"async\" class=\"swiper-slide-image\" src=\"https:\/\/clinicanovu.com.br\/wp-content\/uploads\/2025\/10\/Cuida-3.png\" alt=\"Cuida (3)\" \/><\/figure><\/div><div class=\"swiper-slide\" role=\"group\" aria-roledescription=\"slide\" aria-label=\"3 de 3\"><figure class=\"swiper-slide-inner\"><img decoding=\"async\" class=\"swiper-slide-image\" src=\"https:\/\/clinicanovu.com.br\/wp-content\/uploads\/2025\/10\/Sua-beleza-nossa-especialidade.-Cuidado-que-transforma-de-dentro-para-fora.-2.png\" alt=\"Sua beleza, nossa especialidade. Cuidado que transforma de dentro para fora. (2)\" \/><\/figure><\/div>\t\t\t<\/div>\n\t\t\t\t\t\t\t\n\t\t\t\t\t\t\t\t\t<div class=\"swiper-pagination\"><\/div>\n\t\t\t\t\t\t\t\t\t<\/div>\n\t\t\t\t\t\t<\/div>\n\t\t\t\t<\/div>\n\t\t<div class=\"elementor-element elementor-element-57f7973 e-con-full carrossel-full-width e-flex e-con e-parent\" data-id=\"57f7973\" data-element_type=\"container\" data-e-type=\"container\" data-settings=\"{&quot;background_background&quot;:&quot;classic&quot;}\">\n\t\t\t\t<div class=\"elementor-element elementor-element-968026f elementor-hidden-desktop elementor-arrows-position-inside elementor-pagination-position-outside elementor-widget elementor-widget-image-carousel\" data-id=\"968026f\" data-element_type=\"widget\" data-e-type=\"widget\" data-settings=\"{&quot;autoplay_speed&quot;:9000,&quot;speed&quot;:900,&quot;navigation&quot;:&quot;both&quot;,&quot;autoplay&quot;:&quot;yes&quot;,&quot;pause_on_hover&quot;:&quot;yes&quot;,&quot;pause_on_interaction&quot;:&quot;yes&quot;,&quot;infinite&quot;:&quot;yes&quot;}\" data-widget_type=\"image-carousel.default\">\n\t\t\t\t\t\t\t<div class=\"elementor-image-carousel-wrapper swiper\" role=\"region\" aria-roledescription=\"carousel\" aria-label=\"Carrossel de imagens\" dir=\"rtl\">\n\t\t\t<div class=\"elementor-image-carousel swiper-wrapper\" aria-live=\"off\">\n\t\t\t\t\t\t\t\t<div class=\"swiper-slide\" role=\"group\" aria-roledescription=\"slide\" aria-label=\"1 de 3\"><figure class=\"swiper-slide-inner\"><img decoding=\"async\" class=\"swiper-slide-image\" src=\"https:\/\/clinicanovu.com.br\/wp-content\/uploads\/2025\/10\/Texto-do-seu-paragrafo-18.png\" alt=\"Texto do seu par\u00e1grafo (18)\" \/><\/figure><\/div><div class=\"swiper-slide\" role=\"group\" aria-roledescription=\"slide\" aria-label=\"2 de 3\"><figure class=\"swiper-slide-inner\"><img decoding=\"async\" class=\"swiper-slide-image\" src=\"https:\/\/clinicanovu.com.br\/wp-content\/uploads\/2025\/10\/Texto-do-seu-paragrafo-25.png\" alt=\"Texto do seu par\u00e1grafo (25)\" \/><\/figure><\/div><div class=\"swiper-slide\" role=\"group\" aria-roledescription=\"slide\" aria-label=\"3 de 3\"><figure class=\"swiper-slide-inner\"><img decoding=\"async\" class=\"swiper-slide-image\" src=\"https:\/\/clinicanovu.com.br\/wp-content\/uploads\/2025\/10\/Texto-do-seu-paragrafo-24.png\" alt=\"Texto do seu par\u00e1grafo (24)\" \/><\/figure><\/div>\t\t\t<\/div>\n\t\t\t\t\t\t\t\t\t\t\t\t<div class=\"elementor-swiper-button elementor-swiper-button-prev\" role=\"button\" tabindex=\"0\">\n\t\t\t\t\t\t<svg aria-hidden=\"true\" class=\"e-font-icon-svg e-eicon-chevron-left\" viewBox=\"0 0 1000 1000\" xmlns=\"http:\/\/www.w3.org\/2000\/svg\"><path d=\"M646 125C629 125 613 133 604 142L308 442C296 454 292 471 292 487 292 504 296 521 308 533L604 854C617 867 629 875 646 875 663 875 679 871 692 858 704 846 713 829 713 812 713 796 708 779 692 767L438 487 692 225C700 217 708 204 708 187 708 171 704 154 692 142 675 129 663 125 646 125Z\"><\/path><\/svg>\t\t\t\t\t<\/div>\n\t\t\t\t\t<div class=\"elementor-swiper-button elementor-swiper-button-next\" role=\"button\" tabindex=\"0\">\n\t\t\t\t\t\t<svg aria-hidden=\"true\" class=\"e-font-icon-svg e-eicon-chevron-right\" viewBox=\"0 0 1000 1000\" xmlns=\"http:\/\/www.w3.org\/2000\/svg\"><path d=\"M696 533C708 521 713 504 713 487 713 471 708 454 696 446L400 146C388 133 375 125 354 125 338 125 325 129 313 142 300 154 292 171 292 187 292 204 296 221 308 233L563 492 304 771C292 783 288 800 288 817 288 833 296 850 308 863 321 871 338 875 354 875 371 875 388 867 400 854L696 533Z\"><\/path><\/svg>\t\t\t\t\t<\/div>\n\t\t\t\t\n\t\t\t\t\t\t\t\t\t<div class=\"swiper-pagination\"><\/div>\n\t\t\t\t\t\t\t\t\t<\/div>\n\t\t\t\t\t\t<\/div>\n\t\t\t\t<\/div>\n\t\t<div class=\"elementor-element elementor-element-c4f6b9c e-flex e-con-boxed e-con e-parent\" data-id=\"c4f6b9c\" data-element_type=\"container\" data-e-type=\"container\" data-settings=\"{&quot;background_background&quot;:&quot;classic&quot;}\">\n\t\t\t\t\t<div class=\"e-con-inner\">\n\t\t\t\t<div class=\"elementor-element elementor-element-610558b elementor-widget-mobile__width-initial elementor-widget elementor-widget-heading\" data-id=\"610558b\" data-element_type=\"widget\" data-e-type=\"widget\" data-widget_type=\"heading.default\">\n\t\t\t\t\t<h2 class=\"elementor-heading-title elementor-size-default\">Conhe\u00e7a nossos procedimentos, tratamentos e protocolos:<\/h2>\t\t\t\t<\/div>\n\t\t\t\t\t<\/div>\n\t\t\t\t<\/div>\n\t\t<div class=\"elementor-element elementor-element-196f5e9 e-con-full e-flex e-con e-parent\" data-id=\"196f5e9\" data-element_type=\"container\" data-e-type=\"container\" data-settings=\"{&quot;background_background&quot;:&quot;classic&quot;}\">\n\t\t\t\t<div class=\"elementor-element elementor-element-e4db21c elementor-widget elementor-widget-html\" data-id=\"e4db21c\" data-element_type=\"widget\" data-e-type=\"widget\" data-widget_type=\"html.default\">\n\t\t\t\t\t<div class=\"procedimentos-wrapper\">\r\n\r\n    <div class=\"categorias-container-grid\">\r\n\r\n        <div>\r\n            <h2 class=\"categoria-titulo-moderno\">Injet\u00e1veis<\/h2>\r\n            <div class=\"procedimentos-tags-grid\">\r\n                <div class=\"procedimento-tag\" data-tooltip=\"Hidrata\u00e7\u00e3o profunda injet\u00e1vel que melhora o vi\u00e7o e a elasticidade da pele.\">\u00c1cido hialur\u00f4nico <\/div>\r\n                <div class=\"procedimento-tag\" data-tooltip=\"Subst\u00e2ncias que estimulam a produ\u00e7\u00e3o de col\u00e1geno para tratar a flacidez.\">Bioestimuladores (Radiesse) e Sculptra<\/div>\r\n                <div class=\"procedimento-tag\" data-tooltip=\"Terapia com g\u00e1s CO2 que estimula a circula\u00e7\u00e3o e o col\u00e1geno, tratando celulite e estrias.\">Carboxiterapia <\/div>\r\n                <div class=\"procedimento-tag\" data-tooltip=\"Fios que promovem um efeito lifting e estimulam o col\u00e1geno nas \u00e1reas aplicadas.\">Fios de PDO <\/div>\r\n                <div class=\"procedimento-tag\" data-tooltip=\"Aplica\u00e7\u00e3o para relaxar os m\u00fasculos, prevenindo rugas de express\u00e3o e marcas de idade.\">Toxina botul\u00ednica <\/div>\r\n                <div class=\"procedimento-tag\" data-tooltip=\"Inje\u00e7\u00f5es para estimular o crescimento de novos fios e combater a queda.\">Tratamentos capilares<\/div>\r\n            <\/div>\r\n        <\/div>\r\n\r\n        <div>\r\n            <h2 class=\"categoria-titulo-moderno\">Tecnologias<\/h2>\r\n            <div class=\"procedimentos-tags-grid\">\r\n                <div class=\"procedimento-tag\" data-tooltip=\"Laser de CO2 que renova a pele, trata cicatrizes e estimula col\u00e1geno em diversas camadas.\">CO2 fracionado <\/div><div class=\"procedimento-tag\" data-tooltip=\"Tratamento moderno \u00e0 base de luz pulsada e laser para o combate de manchas, vasos, rugas finas, remo\u00e7\u00e3o de tatuagem e melhora do col\u00e1geno..\">Harmony (Luz Pulsada)<\/div>\r\n                <div class=\"procedimento-tag\" data-tooltip=\"Usa frio e calor para tratar flacidez, celulite e gordura localizada com efeito lifting.\">Criolip\u00f3lise (Coolsculpting)<\/div>\r\n                <div class=\"procedimento-tag\" data-tooltip=\"Remo\u00e7\u00e3o definitiva de pelos, segura e eficaz para todos os tipos de pele.\">Depila\u00e7\u00e3o a laser (Soprano)<\/div>\r\n                <div class=\"procedimento-tag\" data-tooltip=\"Aparelho que usa campos eletromagn\u00e9ticos para construir m\u00fasculos e reduzir gordura.\">Estimula\u00e7\u00e3o Magn\u00e9tica Funcional (CM Slim)<\/div>\r\n                <div class=\"procedimento-tag\" data-tooltip=\"Lasers que tratam rugas, flacidez e melhoram a textura da pele (Fotona).\">Laser Er:YAG e Nd:YAG (Fotona)<\/div>\r\n                <div class=\"procedimento-tag\" data-tooltip=\"Laser usado para remo\u00e7\u00e3o de tatuagens, melasma e clareamento de manchas (Spectra).\">Laser Nd:YAG Q-Switched (Spectra)<\/div>\r\n                <div class=\"procedimento-tag\" data-tooltip=\"Entrega de ativos na pele sem o uso de agulhas, para rejuvenescimento e hidrata\u00e7\u00e3o.\">Mesoterapia sem agulhas (Mesoject)<\/div>\r\n                <div class=\"procedimento-tag\" data-tooltip=\"Tecnologia a plasma para rejuvenescimento da \u00e1rea dos olhos, p\u00e1lpebras e rugas finas.\">Plasma fracionado (Plasma IQ)<\/div>\r\n                <div class=\"procedimento-tag\" data-tooltip=\"Estimula a produ\u00e7\u00e3o de col\u00e1geno atrav\u00e9s do aquecimento da pele, tratando flacidez.\">Radiofrequ\u00eancia (Elixis)<\/div>\r\n                <div class=\"procedimento-tag\" data-tooltip=\"Terapia com laser de baixa intensidade para benef\u00edcios sist\u00eamicos de sa\u00fade e recupera\u00e7\u00e3o.\">Terapia ILIB <\/div>\r\n                <div class=\"procedimento-tag\" data-tooltip=\"Combina\u00e7\u00e3o de tecnologias para tratamento de celulite, gordura e flacidez.\">Trilipo (Maximus Med)<\/div>\r\n                <div class=\"procedimento-tag\" data-tooltip=\"Usa ondas ultrass\u00f4nicas e radiofrequ\u00eancia para remodelagem corporal e facial.\">Ultrassom cavitacional e radiofrequ\u00eancia<\/div>\r\n                <div class=\"procedimento-tag\" data-tooltip=\"Pontos de calor que estimulam col\u00e1geno em diferentes profundidades, promovendo lifting n\u00e3o cir\u00fargico.\">Ultrassom micro e macro focado ( Liftera e Ulthera)<\/div>\r\n            <\/div>\r\n        <\/div>\r\n\r\n        <div>\r\n            <h2 class=\"categoria-titulo-moderno\">Beauty<\/h2>\r\n            <div class=\"procedimentos-tags-grid\">\r\n                <div class=\"procedimento-tag\" data-tooltip=\"Massagem especializada para reduzir incha\u00e7o e eliminar toxinas do corpo.\">Drenagem linf\u00e1tica<\/div>\r\n                <div class=\"procedimento-tag\" data-tooltip=\"Remo\u00e7\u00e3o de impurezas, cravos e c\u00e9lulas mortas para uma pele mais limpa e saud\u00e1vel.\">Limpeza de pele<\/div>\r\n                <div class=\"procedimento-tag\" data-tooltip=\"Esfolia\u00e7\u00e3o corporal profunda para renova\u00e7\u00e3o e preparo da pele.\">Gomage<\/div>\r\n                <div class=\"procedimento-tag\" data-tooltip=\"Massagem suave para auxiliar na recupera\u00e7\u00e3o e reduzir edemas ap\u00f3s procedimentos cir\u00fargicos.\">Massagem p\u00f3s-cir\u00fargica<\/div>\r\n                <div class=\"procedimento-tag\" data-tooltip=\"T\u00e9cnica para al\u00edvio de tens\u00f5es musculares, promovendo relaxamento e bem-estar.\">Massagem relaxante<\/div>\r\n                <div class=\"procedimento-tag\" data-tooltip=\"Esfolia\u00e7\u00e3o suave que remove c\u00e9lulas mortas com microcristais.\">Peeling de cristal<\/div>\r\n                <div class=\"procedimento-tag\" data-tooltip=\"Aplica\u00e7\u00e3o de \u00e1cidos para renova\u00e7\u00e3o celular, tratando manchas, acne e rugas finas.\">Peeling qu\u00edmico<\/div>\r\n            <\/div>\r\n        <\/div>\r\n\r\n    <\/div>\r\n<\/div>\t\t\t\t<\/div>\n\t\t\t\t<\/div>\n\t\t<div class=\"elementor-element elementor-element-8d9793d e-con-full e-flex e-con e-parent\" data-id=\"8d9793d\" data-element_type=\"container\" data-e-type=\"container\" data-settings=\"{&quot;background_background&quot;:&quot;classic&quot;}\">\n\t\t\t\t<div class=\"elementor-element elementor-element-5c527d8 elementor-widget elementor-widget-html\" data-id=\"5c527d8\" data-element_type=\"widget\" data-e-type=\"widget\" data-widget_type=\"html.default\">\n\t\t\t\t\t<div class=\"whatsapp-fixed-clinic\">\r\n    \r\n    <a href=\"https:\/\/wa.me\/5511963093049?text=Ol\u00e1!%20Gostaria%20de%20agendar%20uma%20consulta%20ou%20saber%20mais%20sobre%20os%20procedimentos%20dermatol\u00f3gicos.\" target=\"_blank\" class=\"whatsapp-button-clinic\">\r\n        <img decoding=\"async\" src=\"https:\/\/upload.wikimedia.org\/wikipedia\/commons\/5\/5e\/WhatsApp_icon.png\" alt=\"WhatsApp Icon\" class=\"whatsapp-img-icon-stable\">\r\n    <\/a>\r\n    \r\n    <div class=\"whatsapp-text-below\">Fale Conosco<\/div>\r\n\r\n<\/div>\t\t\t\t<\/div>\n\t\t\t\t<\/div>\n\t\t\t\t<\/div>\n\t\t","protected":false},"excerpt":{"rendered":"<p>Conhe\u00e7a nossos procedimentos, tratamentos e protocolos: Injet\u00e1veis \u00c1cido hialur\u00f4nico Bioestimuladores (Radiesse) e Sculptra Carboxiterapia Fios de PDO Toxina botul\u00ednica Tratamentos capilares Tecnologias CO2 fracionado Harmony (Luz Pulsada) Criolip\u00f3lise (Coolsculpting) Depila\u00e7\u00e3o a laser (Soprano) Estimula\u00e7\u00e3o Magn\u00e9tica Funcional (CM Slim) Laser Er:YAG e Nd:YAG (Fotona) Laser Nd:YAG Q-Switched (Spectra) Mesoterapia sem agulhas (Mesoject) Plasma fracionado (Plasma IQ) [&hellip;]<\/p>\n","protected":false},"author":1,"featured_media":0,"parent":0,"menu_order":0,"comment_status":"closed","ping_status":"closed","template":"","meta":{"footnotes":""},"class_list":["post-13","page","type-page","status-publish","hentry"],"_links":{"self":[{"href":"https:\/\/clinicanovu.com.br\/index.php?rest_route=\/wp\/v2\/pages\/13","targetHints":{"allow":["GET"]}}],"collection":[{"href":"https:\/\/clinicanovu.com.br\/index.php?rest_route=\/wp\/v2\/pages"}],"about":[{"href":"https:\/\/clinicanovu.com.br\/index.php?rest_route=\/wp\/v2\/types\/page"}],"author":[{"embeddable":true,"href":"https:\/\/clinicanovu.com.br\/index.php?rest_route=\/wp\/v2\/users\/1"}],"replies":[{"embeddable":true,"href":"https:\/\/clinicanovu.com.br\/index.php?rest_route=%2Fwp%2Fv2%2Fcomments&post=13"}],"version-history":[{"count":138,"href":"https:\/\/clinicanovu.com.br\/index.php?rest_route=\/wp\/v2\/pages\/13\/revisions"}],"predecessor-version":[{"id":1027,"href":"https:\/\/clinicanovu.com.br\/index.php?rest_route=\/wp\/v2\/pages\/13\/revisions\/1027"}],"wp:attachment":[{"href":"https:\/\/clinicanovu.com.br\/index.php?rest_route=%2Fwp%2Fv2%2Fmedia&parent=13"}],"curies":[{"name":"wp","href":"https:\/\/api.w.org\/{rel}","templated":true}]}}