{"id":19,"date":"2025-10-15T15:40:03","date_gmt":"2025-10-15T18:40:03","guid":{"rendered":"https:\/\/clinicanovu.com.br\/?page_id=19"},"modified":"2025-11-10T19:48:48","modified_gmt":"2025-11-10T22:48:48","slug":"dermatologia-clinica","status":"publish","type":"page","link":"https:\/\/clinicanovu.com.br\/?page_id=19","title":{"rendered":"Dermatologia Cl\u00ednica"},"content":{"rendered":"\t\t<div data-elementor-type=\"wp-page\" data-elementor-id=\"19\" class=\"elementor elementor-19\">\n\t\t\t\t<div class=\"elementor-element elementor-element-2d47ed0 e-con-full carrossel-full-width e-flex e-con e-parent\" data-id=\"2d47ed0\" data-element_type=\"container\" data-e-type=\"container\" data-settings=\"{&quot;background_background&quot;:&quot;classic&quot;}\">\n\t\t\t\t<div class=\"elementor-element elementor-element-6dac25f elementor-hidden-tablet elementor-hidden-mobile elementor-pagination-position-outside elementor-widget elementor-widget-image-carousel\" data-id=\"6dac25f\" data-element_type=\"widget\" data-e-type=\"widget\" data-settings=\"{&quot;slides_to_show&quot;:&quot;1&quot;,&quot;navigation&quot;:&quot;dots&quot;,&quot;autoplay&quot;:&quot;yes&quot;,&quot;pause_on_hover&quot;:&quot;yes&quot;,&quot;pause_on_interaction&quot;:&quot;yes&quot;,&quot;autoplay_speed&quot;:5000,&quot;infinite&quot;:&quot;yes&quot;,&quot;effect&quot;:&quot;slide&quot;,&quot;speed&quot;:500}\" data-widget_type=\"image-carousel.default\">\n\t\t\t\t\t\t\t<div class=\"elementor-image-carousel-wrapper swiper\" role=\"region\" aria-roledescription=\"carousel\" aria-label=\"Carrossel de imagens\" dir=\"ltr\">\n\t\t\t<div class=\"elementor-image-carousel swiper-wrapper swiper-image-stretch\" aria-live=\"off\">\n\t\t\t\t\t\t\t\t<div class=\"swiper-slide\" role=\"group\" aria-roledescription=\"slide\" aria-label=\"1 de 3\"><figure class=\"swiper-slide-inner\"><img decoding=\"async\" class=\"swiper-slide-image\" src=\"https:\/\/clinicanovu.com.br\/wp-content\/uploads\/2025\/10\/Sinta-se-em-casa.-Aqui-seu-cuidado-comeca-agora.png\" alt=\"Sinta-se em casa. Aqui, seu cuidado come\u00e7a agora.\" \/><\/figure><\/div><div class=\"swiper-slide\" role=\"group\" aria-roledescription=\"slide\" aria-label=\"2 de 3\"><figure class=\"swiper-slide-inner\"><img decoding=\"async\" class=\"swiper-slide-image\" src=\"https:\/\/clinicanovu.com.br\/wp-content\/uploads\/2025\/10\/Texto-do-seu-paragrafo-11.png\" alt=\"Texto do seu par\u00e1grafo (11)\" \/><\/figure><\/div><div class=\"swiper-slide\" role=\"group\" aria-roledescription=\"slide\" aria-label=\"3 de 3\"><figure class=\"swiper-slide-inner\"><img decoding=\"async\" class=\"swiper-slide-image\" src=\"https:\/\/clinicanovu.com.br\/wp-content\/uploads\/2025\/10\/Olhar-clinico-alem-da-superficie.png\" alt=\"Olhar cl\u00ednico al\u00e9m da superf\u00edcie.\" \/><\/figure><\/div>\t\t\t<\/div>\n\t\t\t\t\t\t\t\n\t\t\t\t\t\t\t\t\t<div class=\"swiper-pagination\"><\/div>\n\t\t\t\t\t\t\t\t\t<\/div>\n\t\t\t\t\t\t<\/div>\n\t\t\t\t<\/div>\n\t\t<div class=\"elementor-element elementor-element-dd6db6f carrossel-full-width elementor-hidden-desktop e-flex e-con-boxed e-con e-parent\" data-id=\"dd6db6f\" data-element_type=\"container\" data-e-type=\"container\" data-settings=\"{&quot;background_background&quot;:&quot;classic&quot;}\">\n\t\t\t\t\t<div class=\"e-con-inner\">\n\t\t\t\t<div class=\"elementor-element elementor-element-b4a0e15 elementor-arrows-position-inside elementor-pagination-position-outside elementor-widget elementor-widget-image-carousel\" data-id=\"b4a0e15\" data-element_type=\"widget\" data-e-type=\"widget\" data-settings=\"{&quot;navigation&quot;:&quot;both&quot;,&quot;autoplay&quot;:&quot;yes&quot;,&quot;pause_on_hover&quot;:&quot;yes&quot;,&quot;pause_on_interaction&quot;:&quot;yes&quot;,&quot;autoplay_speed&quot;:5000,&quot;infinite&quot;:&quot;yes&quot;,&quot;speed&quot;:500}\" data-widget_type=\"image-carousel.default\">\n\t\t\t\t\t\t\t<div class=\"elementor-image-carousel-wrapper swiper\" role=\"region\" aria-roledescription=\"carousel\" aria-label=\"Carrossel de imagens\" dir=\"ltr\">\n\t\t\t<div class=\"elementor-image-carousel swiper-wrapper\" aria-live=\"off\">\n\t\t\t\t\t\t\t\t<div class=\"swiper-slide\" role=\"group\" aria-roledescription=\"slide\" aria-label=\"1 de 3\"><figure class=\"swiper-slide-inner\"><img decoding=\"async\" class=\"swiper-slide-image\" src=\"https:\/\/clinicanovu.com.br\/wp-content\/uploads\/2025\/10\/Sinta-se-em-casa.-Aqui-seu-cuidado-comeca-agora.-2.png\" alt=\"Sinta-se em casa. Aqui, seu cuidado come\u00e7a agora. (2)\" \/><\/figure><\/div><div class=\"swiper-slide\" role=\"group\" aria-roledescription=\"slide\" aria-label=\"2 de 3\"><figure class=\"swiper-slide-inner\"><img decoding=\"async\" class=\"swiper-slide-image\" src=\"https:\/\/clinicanovu.com.br\/wp-content\/uploads\/2025\/10\/Olhar-clinico-alem-da-superficie.-2.png\" alt=\"Olhar cl\u00ednico al\u00e9m da superf\u00edcie. (2)\" \/><\/figure><\/div><div class=\"swiper-slide\" role=\"group\" aria-roledescription=\"slide\" aria-label=\"3 de 3\"><figure class=\"swiper-slide-inner\"><img decoding=\"async\" class=\"swiper-slide-image\" src=\"https:\/\/clinicanovu.com.br\/wp-content\/uploads\/2025\/10\/Texto-do-seu-paragrafo-21.png\" alt=\"Texto do seu par\u00e1grafo (21)\" \/><\/figure><\/div>\t\t\t<\/div>\n\t\t\t\t\t\t\t\t\t\t\t\t<div class=\"elementor-swiper-button elementor-swiper-button-prev\" role=\"button\" tabindex=\"0\">\n\t\t\t\t\t\t<svg aria-hidden=\"true\" class=\"e-font-icon-svg e-eicon-chevron-left\" viewBox=\"0 0 1000 1000\" xmlns=\"http:\/\/www.w3.org\/2000\/svg\"><path d=\"M646 125C629 125 613 133 604 142L308 442C296 454 292 471 292 487 292 504 296 521 308 533L604 854C617 867 629 875 646 875 663 875 679 871 692 858 704 846 713 829 713 812 713 796 708 779 692 767L438 487 692 225C700 217 708 204 708 187 708 171 704 154 692 142 675 129 663 125 646 125Z\"><\/path><\/svg>\t\t\t\t\t<\/div>\n\t\t\t\t\t<div class=\"elementor-swiper-button elementor-swiper-button-next\" role=\"button\" tabindex=\"0\">\n\t\t\t\t\t\t<svg aria-hidden=\"true\" class=\"e-font-icon-svg e-eicon-chevron-right\" viewBox=\"0 0 1000 1000\" xmlns=\"http:\/\/www.w3.org\/2000\/svg\"><path d=\"M696 533C708 521 713 504 713 487 713 471 708 454 696 446L400 146C388 133 375 125 354 125 338 125 325 129 313 142 300 154 292 171 292 187 292 204 296 221 308 233L563 492 304 771C292 783 288 800 288 817 288 833 296 850 308 863 321 871 338 875 354 875 371 875 388 867 400 854L696 533Z\"><\/path><\/svg>\t\t\t\t\t<\/div>\n\t\t\t\t\n\t\t\t\t\t\t\t\t\t<div class=\"swiper-pagination\"><\/div>\n\t\t\t\t\t\t\t\t\t<\/div>\n\t\t\t\t\t\t<\/div>\n\t\t\t\t\t<\/div>\n\t\t\t\t<\/div>\n\t\t<div class=\"elementor-element elementor-element-ee4986f e-con-full e-flex e-con e-parent\" data-id=\"ee4986f\" data-element_type=\"container\" data-e-type=\"container\" data-settings=\"{&quot;background_background&quot;:&quot;classic&quot;}\">\n\t\t\t\t<div class=\"elementor-element elementor-element-24381fa elementor-widget elementor-widget-html\" data-id=\"24381fa\" data-element_type=\"widget\" data-e-type=\"widget\" data-widget_type=\"html.default\">\n\t\t\t\t\t<div class=\"consulta-servicos-container\">\r\n\r\n    <div class=\"servico-item\" data-tooltip=\"Avalia\u00e7\u00e3o da pele, cabelos, unhas e diagn\u00f3stico dermatol\u00f3gicas.\">\r\n        <span>Consulta Dermatol\u00f3gica<\/span> \r\n    <\/div>\r\n\r\n    <div class=\"servico-item\" data-tooltip=\"Exame detalhado da pele e pintas com equipamento de alta precis\u00e3o.\">\r\n        <span>Dermastoscopia Digital<\/span>\r\n    <\/div>\r\n\r\n    <div class=\"servico-item\" data-tooltip=\"Interven\u00e7\u00f5es cir\u00fargicas para tratamento de les\u00f5es e condi\u00e7\u00f5es na pele.\">\r\n        <span>Procedimentos Cir\u00fargicos<\/span>\r\n    <\/div>\r\n\r\n<\/div>\t\t\t\t<\/div>\n\t\t\t\t<\/div>\n\t\t<div class=\"elementor-element elementor-element-2b1433c e-flex e-con-boxed e-con e-parent\" data-id=\"2b1433c\" data-element_type=\"container\" data-e-type=\"container\" data-settings=\"{&quot;background_background&quot;:&quot;classic&quot;}\">\n\t\t\t\t\t<div class=\"e-con-inner\">\n\t\t\t\t<div class=\"elementor-element elementor-element-95967a9 elementor-widget elementor-widget-text-editor\" data-id=\"95967a9\" data-element_type=\"widget\" data-e-type=\"widget\" data-widget_type=\"text-editor.default\">\n\t\t\t\t\t\t\t\t\t<p>Al\u00e9m disso, contamos com tecnologia de ponta para diversos tratamentos e protocolos.<a href=\"https:\/\/clinicanovu.com.br\/?page_id=13\">Saiba mais.<\/a><\/p>\t\t\t\t\t\t\t\t<\/div>\n\t\t\t\t\t<\/div>\n\t\t\t\t<\/div>\n\t\t<div class=\"elementor-element elementor-element-2080913 e-con-full e-flex e-con e-parent\" data-id=\"2080913\" data-element_type=\"container\" data-e-type=\"container\" data-settings=\"{&quot;background_background&quot;:&quot;classic&quot;}\">\n\t\t\t\t<div class=\"elementor-element elementor-element-a6fb434 elementor-widget elementor-widget-html\" data-id=\"a6fb434\" data-element_type=\"widget\" data-e-type=\"widget\" data-widget_type=\"html.default\">\n\t\t\t\t\t<div class=\"whatsapp-fixed-clinic\">\r\n    \r\n    <a href=\"https:\/\/wa.me\/11963093049?text=Ol\u00e1!%20Gostaria%20de%20agendar%20uma%20consulta%20ou%20saber%20mais%20sobre%20os%20procedimentos%20dermatol\u00f3gicos.\" target=\"_blank\" class=\"whatsapp-button-clinic\">\r\n        <img decoding=\"async\" src=\"https:\/\/upload.wikimedia.org\/wikipedia\/commons\/5\/5e\/WhatsApp_icon.png\" alt=\"WhatsApp Icon\" class=\"whatsapp-img-icon-stable\">\r\n    <\/a>\r\n    \r\n    <div class=\"whatsapp-text-below\">Fale Conosco<\/div>\r\n\r\n<\/div>\t\t\t\t<\/div>\n\t\t\t\t<\/div>\n\t\t<div class=\"elementor-element elementor-element-d29a2d8 e-flex e-con-boxed e-con e-parent\" data-id=\"d29a2d8\" data-element_type=\"container\" data-e-type=\"container\" data-settings=\"{&quot;background_background&quot;:&quot;classic&quot;}\">\n\t\t\t\t\t<div class=\"e-con-inner\">\n\t\t\t\t\t<\/div>\n\t\t\t\t<\/div>\n\t\t\t\t<\/div>\n\t\t","protected":false},"excerpt":{"rendered":"<p>Consulta Dermatol\u00f3gica Dermastoscopia Digital Procedimentos Cir\u00fargicos Al\u00e9m disso, contamos com tecnologia de ponta para diversos tratamentos e protocolos.Saiba mais. Fale Conosco<\/p>\n","protected":false},"author":1,"featured_media":0,"parent":0,"menu_order":0,"comment_status":"closed","ping_status":"closed","template":"","meta":{"footnotes":""},"class_list":["post-19","page","type-page","status-publish","hentry"],"_links":{"self":[{"href":"https:\/\/clinicanovu.com.br\/index.php?rest_route=\/wp\/v2\/pages\/19","targetHints":{"allow":["GET"]}}],"collection":[{"href":"https:\/\/clinicanovu.com.br\/index.php?rest_route=\/wp\/v2\/pages"}],"about":[{"href":"https:\/\/clinicanovu.com.br\/index.php?rest_route=\/wp\/v2\/types\/page"}],"author":[{"embeddable":true,"href":"https:\/\/clinicanovu.com.br\/index.php?rest_route=\/wp\/v2\/users\/1"}],"replies":[{"embeddable":true,"href":"https:\/\/clinicanovu.com.br\/index.php?rest_route=%2Fwp%2Fv2%2Fcomments&post=19"}],"version-history":[{"count":116,"href":"https:\/\/clinicanovu.com.br\/index.php?rest_route=\/wp\/v2\/pages\/19\/revisions"}],"predecessor-version":[{"id":965,"href":"https:\/\/clinicanovu.com.br\/index.php?rest_route=\/wp\/v2\/pages\/19\/revisions\/965"}],"wp:attachment":[{"href":"https:\/\/clinicanovu.com.br\/index.php?rest_route=%2Fwp%2Fv2%2Fmedia&parent=19"}],"curies":[{"name":"wp","href":"https:\/\/api.w.org\/{rel}","templated":true}]}}