{"id":28,"date":"2025-10-15T15:57:29","date_gmt":"2025-10-15T18:57:29","guid":{"rendered":"https:\/\/clinicanovu.com.br\/?page_id=28"},"modified":"2026-03-27T15:16:05","modified_gmt":"2026-03-27T18:16:05","slug":"home","status":"publish","type":"page","link":"https:\/\/clinicanovu.com.br\/","title":{"rendered":"Home"},"content":{"rendered":"\t\t<div data-elementor-type=\"wp-page\" data-elementor-id=\"28\" class=\"elementor elementor-28\">\n\t\t\t\t<div class=\"elementor-element elementor-element-ebb877d e-con-full carrossel-full-width e-flex e-con e-parent\" data-id=\"ebb877d\" data-element_type=\"container\" data-e-type=\"container\" data-settings=\"{&quot;background_background&quot;:&quot;classic&quot;}\">\n\t\t\t\t<div class=\"elementor-element elementor-element-21318c7 elementor-hidden-tablet elementor-hidden-mobile elementor-pagination-position-outside elementor-widget elementor-widget-image-carousel\" data-id=\"21318c7\" data-element_type=\"widget\" data-e-type=\"widget\" data-settings=\"{&quot;slides_to_show&quot;:&quot;1&quot;,&quot;navigation&quot;:&quot;dots&quot;,&quot;slides_to_show_mobile&quot;:&quot;1&quot;,&quot;autoplay&quot;:&quot;yes&quot;,&quot;pause_on_hover&quot;:&quot;yes&quot;,&quot;pause_on_interaction&quot;:&quot;yes&quot;,&quot;autoplay_speed&quot;:5000,&quot;infinite&quot;:&quot;yes&quot;,&quot;effect&quot;:&quot;slide&quot;,&quot;speed&quot;:500}\" data-widget_type=\"image-carousel.default\">\n\t\t\t\t\t\t\t<div class=\"elementor-image-carousel-wrapper swiper\" role=\"region\" aria-roledescription=\"carousel\" aria-label=\"Carrossel de imagens\" dir=\"ltr\">\n\t\t\t<div class=\"elementor-image-carousel swiper-wrapper swiper-image-stretch\" aria-live=\"off\">\n\t\t\t\t\t\t\t\t<div class=\"swiper-slide\" role=\"group\" aria-roledescription=\"slide\" aria-label=\"1 de 3\"><figure class=\"swiper-slide-inner\"><img decoding=\"async\" class=\"swiper-slide-image\" src=\"https:\/\/clinicanovu.com.br\/wp-content\/uploads\/2025\/10\/A-dermatologia-vai-muito-alem-da-estetica.png\" alt=\"A dermatologia vai muito al\u00e9m da est\u00e9tica.\" \/><\/figure><\/div><div class=\"swiper-slide\" role=\"group\" aria-roledescription=\"slide\" aria-label=\"2 de 3\"><figure class=\"swiper-slide-inner\"><img decoding=\"async\" class=\"swiper-slide-image\" src=\"https:\/\/clinicanovu.com.br\/wp-content\/uploads\/2025\/10\/Nao-existem-formulas-prontas-nem-promessas-irreais.png\" alt=\"N\u00e3o existem f\u00f3rmulas prontas, nem promessas irreais.\" \/><\/figure><\/div><div class=\"swiper-slide\" role=\"group\" aria-roledescription=\"slide\" aria-label=\"3 de 3\"><figure class=\"swiper-slide-inner\"><img decoding=\"async\" class=\"swiper-slide-image\" src=\"https:\/\/clinicanovu.com.br\/wp-content\/uploads\/2025\/10\/A-confianca-dos-nossos-pacientes-e-resultado-da-transparencia-excelencia-tecnica-e-compromisso-com-resultados-reais.png\" alt=\"A confian\u00e7a dos nossos pacientes \u00e9 resultado da transpar\u00eancia, excel\u00eancia t\u00e9cnica e compromisso com resultados reais.\" \/><\/figure><\/div>\t\t\t<\/div>\n\t\t\t\t\t\t\t\n\t\t\t\t\t\t\t\t\t<div class=\"swiper-pagination\"><\/div>\n\t\t\t\t\t\t\t\t\t<\/div>\n\t\t\t\t\t\t<\/div>\n\t\t\t\t<\/div>\n\t\t<div class=\"elementor-element elementor-element-60b61e4 carrossel-full-width elementor-hidden-desktop e-flex e-con-boxed e-con e-parent\" data-id=\"60b61e4\" data-element_type=\"container\" data-e-type=\"container\" data-settings=\"{&quot;background_background&quot;:&quot;classic&quot;}\">\n\t\t\t\t\t<div class=\"e-con-inner\">\n\t\t\t\t<div class=\"elementor-element elementor-element-bdf6de7 elementor-arrows-position-inside elementor-pagination-position-outside elementor-widget elementor-widget-image-carousel\" data-id=\"bdf6de7\" data-element_type=\"widget\" data-e-type=\"widget\" data-settings=\"{&quot;navigation&quot;:&quot;both&quot;,&quot;autoplay&quot;:&quot;yes&quot;,&quot;pause_on_hover&quot;:&quot;yes&quot;,&quot;pause_on_interaction&quot;:&quot;yes&quot;,&quot;autoplay_speed&quot;:5000,&quot;infinite&quot;:&quot;yes&quot;,&quot;speed&quot;:500}\" data-widget_type=\"image-carousel.default\">\n\t\t\t\t\t\t\t<div class=\"elementor-image-carousel-wrapper swiper\" role=\"region\" aria-roledescription=\"carousel\" aria-label=\"Carrossel de imagens\" dir=\"ltr\">\n\t\t\t<div class=\"elementor-image-carousel swiper-wrapper\" aria-live=\"off\">\n\t\t\t\t\t\t\t\t<div class=\"swiper-slide\" role=\"group\" aria-roledescription=\"slide\" aria-label=\"1 de 3\"><figure class=\"swiper-slide-inner\"><img decoding=\"async\" class=\"swiper-slide-image\" src=\"https:\/\/clinicanovu.com.br\/wp-content\/uploads\/2025\/10\/Texto-do-seu-paragrafo-14.png\" alt=\"Texto do seu par\u00e1grafo (14)\" \/><\/figure><\/div><div class=\"swiper-slide\" role=\"group\" aria-roledescription=\"slide\" aria-label=\"2 de 3\"><figure class=\"swiper-slide-inner\"><img decoding=\"async\" class=\"swiper-slide-image\" src=\"https:\/\/clinicanovu.com.br\/wp-content\/uploads\/2025\/11\/Texto-do-seu-paragrafo-27.png\" alt=\"Texto do seu par\u00e1grafo (27)\" \/><\/figure><\/div><div class=\"swiper-slide\" role=\"group\" aria-roledescription=\"slide\" aria-label=\"3 de 3\"><figure class=\"swiper-slide-inner\"><img decoding=\"async\" class=\"swiper-slide-image\" src=\"https:\/\/clinicanovu.com.br\/wp-content\/uploads\/2025\/10\/A-2.png\" alt=\"A (2)\" \/><\/figure><\/div>\t\t\t<\/div>\n\t\t\t\t\t\t\t\t\t\t\t\t<div class=\"elementor-swiper-button elementor-swiper-button-prev\" role=\"button\" tabindex=\"0\">\n\t\t\t\t\t\t<svg aria-hidden=\"true\" class=\"e-font-icon-svg e-eicon-chevron-left\" viewBox=\"0 0 1000 1000\" xmlns=\"http:\/\/www.w3.org\/2000\/svg\"><path d=\"M646 125C629 125 613 133 604 142L308 442C296 454 292 471 292 487 292 504 296 521 308 533L604 854C617 867 629 875 646 875 663 875 679 871 692 858 704 846 713 829 713 812 713 796 708 779 692 767L438 487 692 225C700 217 708 204 708 187 708 171 704 154 692 142 675 129 663 125 646 125Z\"><\/path><\/svg>\t\t\t\t\t<\/div>\n\t\t\t\t\t<div class=\"elementor-swiper-button elementor-swiper-button-next\" role=\"button\" tabindex=\"0\">\n\t\t\t\t\t\t<svg aria-hidden=\"true\" class=\"e-font-icon-svg e-eicon-chevron-right\" viewBox=\"0 0 1000 1000\" xmlns=\"http:\/\/www.w3.org\/2000\/svg\"><path d=\"M696 533C708 521 713 504 713 487 713 471 708 454 696 446L400 146C388 133 375 125 354 125 338 125 325 129 313 142 300 154 292 171 292 187 292 204 296 221 308 233L563 492 304 771C292 783 288 800 288 817 288 833 296 850 308 863 321 871 338 875 354 875 371 875 388 867 400 854L696 533Z\"><\/path><\/svg>\t\t\t\t\t<\/div>\n\t\t\t\t\n\t\t\t\t\t\t\t\t\t<div class=\"swiper-pagination\"><\/div>\n\t\t\t\t\t\t\t\t\t<\/div>\n\t\t\t\t\t\t<\/div>\n\t\t\t\t\t<\/div>\n\t\t\t\t<\/div>\n\t\t<div class=\"elementor-element elementor-element-a1c5b1d e-con-full e-flex e-con e-parent\" data-id=\"a1c5b1d\" data-element_type=\"container\" data-e-type=\"container\" data-settings=\"{&quot;background_background&quot;:&quot;classic&quot;}\">\n\t\t\t\t<div class=\"elementor-element elementor-element-55d5345 elementor-widget elementor-widget-text-editor\" data-id=\"55d5345\" data-element_type=\"widget\" data-e-type=\"widget\" data-widget_type=\"text-editor.default\">\n\t\t\t\t\t\t\t\t\t<p>H\u00e1 mais de 40 anos, as Dras. Suzana Cutin Schainberg e Luiza Kassab Vicencio acreditam que<br \/>a dermatologia vai muito al\u00e9m da est\u00e9tica, enxergando-a como um pilar essencial da sa\u00fade<\/p><p>e bem-estar.<\/p><p>Com tecnologia de ponta e um time altamente qualificado, em 2017 foi fundada a Cl\u00ednica Novu,<\/p><p>fruto da uni\u00e3o entre as doutoras desde 1995 e demais profissionais, como ginecologista,<\/p><p>cirurgi\u00e3o vascular, esteticista, entre outros, sempre respeitando a individualidade<\/p><p>de cada paciente com um olhar integral sobre sua sa\u00fade.<\/p>\t\t\t\t\t\t\t\t<\/div>\n\t\t\t\t<\/div>\n\t\t<div class=\"elementor-element elementor-element-6a72d17 e-flex e-con-boxed e-con e-parent\" data-id=\"6a72d17\" data-element_type=\"container\" data-e-type=\"container\" data-settings=\"{&quot;background_background&quot;:&quot;classic&quot;}\">\n\t\t\t\t\t<div class=\"e-con-inner\">\n\t\t\t\t<div class=\"elementor-element elementor-element-03a38ad elementor-widget elementor-widget-heading\" data-id=\"03a38ad\" data-element_type=\"widget\" data-e-type=\"widget\" data-widget_type=\"heading.default\">\n\t\t\t\t\t<h2 class=\"elementor-heading-title elementor-size-default\">Nossa equipe<\/h2>\t\t\t\t<\/div>\n\t\t\t\t\t<\/div>\n\t\t\t\t<\/div>\n\t\t<div class=\"elementor-element elementor-element-0d900cf e-flex e-con-boxed e-con e-parent\" data-id=\"0d900cf\" data-element_type=\"container\" data-e-type=\"container\" data-settings=\"{&quot;background_background&quot;:&quot;classic&quot;}\">\n\t\t\t\t\t<div class=\"e-con-inner\">\n\t\t<div class=\"elementor-element elementor-element-ea0cc3c e-con-full e-flex e-con e-child\" data-id=\"ea0cc3c\" data-element_type=\"container\" data-e-type=\"container\">\n\t\t<div class=\"elementor-element elementor-element-511669a e-grid e-con-full e-con e-child\" data-id=\"511669a\" data-element_type=\"container\" data-e-type=\"container\">\n\t\t\t\t<div class=\"elementor-element elementor-element-cbb8ac7 elementor-widget elementor-widget-image\" data-id=\"cbb8ac7\" data-element_type=\"widget\" data-e-type=\"widget\" data-widget_type=\"image.default\">\n\t\t\t\t\t\t\t\t\t\t\t\t\t\t\t<img decoding=\"async\" src=\"https:\/\/clinicanovu.com.br\/wp-content\/uploads\/2026\/03\/295b6262-42ff-47e9-a569-ad71131ea063.png\" title=\"295b6262-42ff-47e9-a569-ad71131ea063\" alt=\"295b6262-42ff-47e9-a569-ad71131ea063\" loading=\"lazy\" \/>\t\t\t\t\t\t\t\t\t\t\t\t\t\t\t<\/div>\n\t\t\t\t<div class=\"elementor-element elementor-element-0aab378 elementor-widget elementor-widget-text-editor\" data-id=\"0aab378\" data-element_type=\"widget\" data-e-type=\"widget\" data-widget_type=\"text-editor.default\">\n\t\t\t\t\t\t\t\t\t<p>Luiza Kassab Vicencio<\/p><p>\u2022 Dermatologista<\/p><p>\u2022 CRM 40.928<\/p>\t\t\t\t\t\t\t\t<\/div>\n\t\t\t\t<\/div>\n\t\t\t\t<\/div>\n\t\t<div class=\"elementor-element elementor-element-2185ef8 e-con-full e-flex e-con e-child\" data-id=\"2185ef8\" data-element_type=\"container\" data-e-type=\"container\">\n\t\t<div class=\"elementor-element elementor-element-c317f20 e-grid e-con-full e-con e-child\" data-id=\"c317f20\" data-element_type=\"container\" data-e-type=\"container\">\n\t\t\t\t<div class=\"elementor-element elementor-element-7c4a037 elementor-widget elementor-widget-image\" data-id=\"7c4a037\" data-element_type=\"widget\" data-e-type=\"widget\" data-widget_type=\"image.default\">\n\t\t\t\t\t\t\t\t\t\t\t\t\t\t\t<img fetchpriority=\"high\" decoding=\"async\" width=\"800\" height=\"800\" src=\"https:\/\/clinicanovu.com.br\/wp-content\/uploads\/2026\/03\/b1212df2-0c96-43e6-8856-bfedceba0255-1024x1024.png\" class=\"attachment-large size-large wp-image-1037\" alt=\"\" srcset=\"https:\/\/clinicanovu.com.br\/wp-content\/uploads\/2026\/03\/b1212df2-0c96-43e6-8856-bfedceba0255-1024x1024.png 1024w, https:\/\/clinicanovu.com.br\/wp-content\/uploads\/2026\/03\/b1212df2-0c96-43e6-8856-bfedceba0255-300x300.png 300w, https:\/\/clinicanovu.com.br\/wp-content\/uploads\/2026\/03\/b1212df2-0c96-43e6-8856-bfedceba0255-150x150.png 150w, https:\/\/clinicanovu.com.br\/wp-content\/uploads\/2026\/03\/b1212df2-0c96-43e6-8856-bfedceba0255-768x768.png 768w, https:\/\/clinicanovu.com.br\/wp-content\/uploads\/2026\/03\/b1212df2-0c96-43e6-8856-bfedceba0255-1536x1536.png 1536w, https:\/\/clinicanovu.com.br\/wp-content\/uploads\/2026\/03\/b1212df2-0c96-43e6-8856-bfedceba0255.png 1594w\" sizes=\"(max-width: 800px) 100vw, 800px\" \/>\t\t\t\t\t\t\t\t\t\t\t\t\t\t\t<\/div>\n\t\t\t\t<div class=\"elementor-element elementor-element-d0e5502 elementor-widget elementor-widget-text-editor\" data-id=\"d0e5502\" data-element_type=\"widget\" data-e-type=\"widget\" data-widget_type=\"text-editor.default\">\n\t\t\t\t\t\t\t\t\t<p style=\"margin-block-end: 3px;\"><span style=\"font-size: 1rem;\">Suzana Cutin Schainberg<\/span><\/p><p style=\"margin-block-end: 3px;\">\u2022 Dermatologista<\/p><p style=\"margin-block-end: 3px;\">\u2022 CRM 42.809<\/p>\t\t\t\t\t\t\t\t<\/div>\n\t\t\t\t<\/div>\n\t\t\t\t<\/div>\n\t\t\t\t\t<\/div>\n\t\t\t\t<\/div>\n\t\t<div class=\"elementor-element elementor-element-7346d60 e-flex e-con-boxed e-con e-parent\" data-id=\"7346d60\" data-element_type=\"container\" data-e-type=\"container\" data-settings=\"{&quot;background_background&quot;:&quot;classic&quot;}\">\n\t\t\t\t\t<div class=\"e-con-inner\">\n\t\t\t\t<div class=\"elementor-element elementor-element-d4a6fdd elementor-widget-divider--view-line elementor-widget elementor-widget-divider\" data-id=\"d4a6fdd\" data-element_type=\"widget\" data-e-type=\"widget\" data-widget_type=\"divider.default\">\n\t\t\t\t\t\t\t<div class=\"elementor-divider\">\n\t\t\t<span class=\"elementor-divider-separator\">\n\t\t\t\t\t\t<\/span>\n\t\t<\/div>\n\t\t\t\t\t\t<\/div>\n\t\t\t\t\t<\/div>\n\t\t\t\t<\/div>\n\t\t<div class=\"elementor-element elementor-element-9ba5300 e-flex e-con-boxed e-con e-parent\" data-id=\"9ba5300\" data-element_type=\"container\" data-e-type=\"container\" data-settings=\"{&quot;background_background&quot;:&quot;classic&quot;}\">\n\t\t\t\t\t<div class=\"e-con-inner\">\n\t\t\t\t<div class=\"elementor-element elementor-element-92931b4 elementor-arrows-position-inside elementor-widget elementor-widget-image-carousel\" data-id=\"92931b4\" data-element_type=\"widget\" data-e-type=\"widget\" data-settings=\"{&quot;navigation&quot;:&quot;arrows&quot;,&quot;autoplay&quot;:&quot;yes&quot;,&quot;pause_on_hover&quot;:&quot;yes&quot;,&quot;pause_on_interaction&quot;:&quot;yes&quot;,&quot;autoplay_speed&quot;:5000,&quot;infinite&quot;:&quot;yes&quot;,&quot;speed&quot;:500}\" data-widget_type=\"image-carousel.default\">\n\t\t\t\t\t\t\t<div class=\"elementor-image-carousel-wrapper swiper\" role=\"region\" aria-roledescription=\"carousel\" aria-label=\"Carrossel de imagens\" dir=\"ltr\">\n\t\t\t<div class=\"elementor-image-carousel swiper-wrapper\" aria-live=\"off\">\n\t\t\t\t\t\t\t\t<div class=\"swiper-slide\" role=\"group\" aria-roledescription=\"slide\" aria-label=\"1 de 8\"><figure class=\"swiper-slide-inner\"><img decoding=\"async\" class=\"swiper-slide-image\" src=\"https:\/\/clinicanovu.com.br\/wp-content\/uploads\/2025\/10\/PATRICIA-NEHEMY-400-x-200-px-13.png\" alt=\"PATRICIA NEHEMY (400 x 200 px) (13)\" \/><\/figure><\/div><div class=\"swiper-slide\" role=\"group\" aria-roledescription=\"slide\" aria-label=\"2 de 8\"><figure class=\"swiper-slide-inner\"><img decoding=\"async\" class=\"swiper-slide-image\" src=\"https:\/\/clinicanovu.com.br\/wp-content\/uploads\/2025\/10\/PATRICIA-NEHEMY-400-x-200-px-14.png\" alt=\"PATRICIA NEHEMY (400 x 200 px) (14)\" \/><\/figure><\/div><div class=\"swiper-slide\" role=\"group\" aria-roledescription=\"slide\" aria-label=\"3 de 8\"><figure class=\"swiper-slide-inner\"><img decoding=\"async\" class=\"swiper-slide-image\" src=\"https:\/\/clinicanovu.com.br\/wp-content\/uploads\/2025\/10\/PATRICIA-NEHEMY-400-x-200-px-15.png\" alt=\"PATRICIA NEHEMY (400 x 200 px) (15)\" \/><\/figure><\/div><div class=\"swiper-slide\" role=\"group\" aria-roledescription=\"slide\" aria-label=\"4 de 8\"><figure class=\"swiper-slide-inner\"><img decoding=\"async\" class=\"swiper-slide-image\" src=\"https:\/\/clinicanovu.com.br\/wp-content\/uploads\/2025\/10\/PATRICIA-NEHEMY-400-x-200-px-16.png\" alt=\"PATRICIA NEHEMY (400 x 200 px) (16)\" \/><\/figure><\/div><div class=\"swiper-slide\" role=\"group\" aria-roledescription=\"slide\" aria-label=\"5 de 8\"><figure class=\"swiper-slide-inner\"><img decoding=\"async\" class=\"swiper-slide-image\" src=\"https:\/\/clinicanovu.com.br\/wp-content\/uploads\/2025\/10\/PATRICIA-NEHEMY-400-x-200-px-17.png\" alt=\"PATRICIA NEHEMY (400 x 200 px) (17)\" \/><\/figure><\/div><div class=\"swiper-slide\" role=\"group\" aria-roledescription=\"slide\" aria-label=\"6 de 8\"><figure class=\"swiper-slide-inner\"><img decoding=\"async\" class=\"swiper-slide-image\" src=\"https:\/\/clinicanovu.com.br\/wp-content\/uploads\/2025\/10\/PATRICIA-NEHEMY-400-x-200-px-18.png\" alt=\"PATRICIA NEHEMY (400 x 200 px) (18)\" \/><\/figure><\/div><div class=\"swiper-slide\" role=\"group\" aria-roledescription=\"slide\" aria-label=\"7 de 8\"><figure class=\"swiper-slide-inner\"><img decoding=\"async\" class=\"swiper-slide-image\" src=\"https:\/\/clinicanovu.com.br\/wp-content\/uploads\/2025\/10\/PATRICIA-NEHEMY-400-x-200-px-19.png\" alt=\"PATRICIA NEHEMY (400 x 200 px) (19)\" \/><\/figure><\/div><div class=\"swiper-slide\" role=\"group\" aria-roledescription=\"slide\" aria-label=\"8 de 8\"><figure class=\"swiper-slide-inner\"><img decoding=\"async\" class=\"swiper-slide-image\" src=\"https:\/\/clinicanovu.com.br\/wp-content\/uploads\/2025\/10\/PATRICIA-NEHEMY-400-x-200-px-12.png\" alt=\"PATRICIA NEHEMY (400 x 200 px) (12)\" \/><\/figure><\/div>\t\t\t<\/div>\n\t\t\t\t\t\t\t\t\t\t\t\t<div class=\"elementor-swiper-button elementor-swiper-button-prev\" role=\"button\" tabindex=\"0\">\n\t\t\t\t\t\t<svg aria-hidden=\"true\" class=\"e-font-icon-svg e-eicon-chevron-left\" viewBox=\"0 0 1000 1000\" xmlns=\"http:\/\/www.w3.org\/2000\/svg\"><path d=\"M646 125C629 125 613 133 604 142L308 442C296 454 292 471 292 487 292 504 296 521 308 533L604 854C617 867 629 875 646 875 663 875 679 871 692 858 704 846 713 829 713 812 713 796 708 779 692 767L438 487 692 225C700 217 708 204 708 187 708 171 704 154 692 142 675 129 663 125 646 125Z\"><\/path><\/svg>\t\t\t\t\t<\/div>\n\t\t\t\t\t<div class=\"elementor-swiper-button elementor-swiper-button-next\" role=\"button\" tabindex=\"0\">\n\t\t\t\t\t\t<svg aria-hidden=\"true\" class=\"e-font-icon-svg e-eicon-chevron-right\" viewBox=\"0 0 1000 1000\" xmlns=\"http:\/\/www.w3.org\/2000\/svg\"><path d=\"M696 533C708 521 713 504 713 487 713 471 708 454 696 446L400 146C388 133 375 125 354 125 338 125 325 129 313 142 300 154 292 171 292 187 292 204 296 221 308 233L563 492 304 771C292 783 288 800 288 817 288 833 296 850 308 863 321 871 338 875 354 875 371 875 388 867 400 854L696 533Z\"><\/path><\/svg>\t\t\t\t\t<\/div>\n\t\t\t\t\n\t\t\t\t\t\t\t\t\t<\/div>\n\t\t\t\t\t\t<\/div>\n\t\t\t\t\t<\/div>\n\t\t\t\t<\/div>\n\t\t<div class=\"elementor-element elementor-element-c0f8b68 e-con-full elementor-hidden-tablet elementor-hidden-mobile secao-gruda-footer e-flex e-con e-parent\" data-id=\"c0f8b68\" data-element_type=\"container\" data-e-type=\"container\" id=\"secao-gruda-footer\" data-settings=\"{&quot;background_background&quot;:&quot;classic&quot;}\">\n\t\t\t\t<\/div>\n\t\t<div class=\"elementor-element elementor-element-8c2add8 e-con-full secao-gruda-footer e-flex e-con e-parent\" data-id=\"8c2add8\" data-element_type=\"container\" data-e-type=\"container\" id=\"secao-gruda-footer\" data-settings=\"{&quot;background_background&quot;:&quot;classic&quot;}\">\n\t\t\t\t<div class=\"elementor-element elementor-element-b701f41 elementor-widget elementor-widget-html\" data-id=\"b701f41\" data-element_type=\"widget\" data-e-type=\"widget\" data-widget_type=\"html.default\">\n\t\t\t\t\t<div class=\"whatsapp-fixed-clinic\">\r\n    \r\n    <a href=\"https:\/\/wa.me\/5511963093049?text=Ol\u00e1!%20Gostaria%20de%20agendar%20uma%20consulta%20ou%20saber%20mais%20sobre%20os%20procedimentos%20dermatol\u00f3gicos.\" target=\"_blank\" class=\"whatsapp-button-clinic\">\r\n        <img decoding=\"async\" src=\"https:\/\/upload.wikimedia.org\/wikipedia\/commons\/5\/5e\/WhatsApp_icon.png\" alt=\"WhatsApp Icon\" class=\"whatsapp-img-icon-stable\">\r\n    <\/a>\r\n    \r\n    <div class=\"whatsapp-text-below\">Fale Conosco<\/div>\r\n\r\n<\/div>\t\t\t\t<\/div>\n\t\t\t\t<\/div>\n\t\t<div class=\"elementor-element elementor-element-f245006 elementor-hidden-desktop secao-gruda-footer e-flex e-con-boxed e-con e-parent\" data-id=\"f245006\" data-element_type=\"container\" data-e-type=\"container\" id=\"secao-gruda-footer\" data-settings=\"{&quot;background_background&quot;:&quot;classic&quot;}\">\n\t\t\t\t\t<div class=\"e-con-inner\">\n\t\t\t\t\t<\/div>\n\t\t\t\t<\/div>\n\t\t\t\t<\/div>\n\t\t","protected":false},"excerpt":{"rendered":"<p>H\u00e1 mais de 40 anos, as Dras. Suzana Cutin Schainberg e Luiza Kassab Vicencio acreditam quea dermatologia vai muito al\u00e9m da est\u00e9tica, enxergando-a como um pilar essencial da sa\u00fade e bem-estar. Com tecnologia de ponta e um time altamente qualificado, em 2017 foi fundada a Cl\u00ednica Novu, fruto da uni\u00e3o entre as doutoras desde 1995 [&hellip;]<\/p>\n","protected":false},"author":1,"featured_media":0,"parent":0,"menu_order":0,"comment_status":"closed","ping_status":"closed","template":"elementor_header_footer","meta":{"footnotes":""},"class_list":["post-28","page","type-page","status-publish","hentry"],"_links":{"self":[{"href":"https:\/\/clinicanovu.com.br\/index.php?rest_route=\/wp\/v2\/pages\/28","targetHints":{"allow":["GET"]}}],"collection":[{"href":"https:\/\/clinicanovu.com.br\/index.php?rest_route=\/wp\/v2\/pages"}],"about":[{"href":"https:\/\/clinicanovu.com.br\/index.php?rest_route=\/wp\/v2\/types\/page"}],"author":[{"embeddable":true,"href":"https:\/\/clinicanovu.com.br\/index.php?rest_route=\/wp\/v2\/users\/1"}],"replies":[{"embeddable":true,"href":"https:\/\/clinicanovu.com.br\/index.php?rest_route=%2Fwp%2Fv2%2Fcomments&post=28"}],"version-history":[{"count":182,"href":"https:\/\/clinicanovu.com.br\/index.php?rest_route=\/wp\/v2\/pages\/28\/revisions"}],"predecessor-version":[{"id":1040,"href":"https:\/\/clinicanovu.com.br\/index.php?rest_route=\/wp\/v2\/pages\/28\/revisions\/1040"}],"wp:attachment":[{"href":"https:\/\/clinicanovu.com.br\/index.php?rest_route=%2Fwp%2Fv2%2Fmedia&parent=28"}],"curies":[{"name":"wp","href":"https:\/\/api.w.org\/{rel}","templated":true}]}}